{"id":264,"date":"2019-05-26T15:43:34","date_gmt":"2019-05-26T15:43:34","guid":{"rendered":"http:\/\/familienlebenfriesenhofen.de\/?page_id=264"},"modified":"2023-08-26T17:28:51","modified_gmt":"2023-08-26T17:28:51","slug":"pflanze-sucht-garten","status":"publish","type":"page","link":"https:\/\/familienlebenfriesenhofen.de\/?page_id=264","title":{"rendered":"Pflanze sucht Garten"},"content":{"rendered":"\n<p class=\"has-vivid-red-color has-text-color\"><strong><br><\/strong>Seit 2022 findet die Pflanzentauschb\u00f6rse innerhalb einer Kooperation mit dem NABU statt. Wir haben uns entschieden, den Pflanzentausch nicht unter dem Dach des Vereins FamilienLebenFriesenhofen e.V. zu organisieren und den Erl\u00f6s direkt dem NABU zukommen zu lassen. <\/p>\n\n\n\n<p class=\"has-vivid-red-color has-text-color\"><strong>Wir freuen uns, am 23.September 2023  unser Pflanzenfest rund um Pflanzen, Garten, Kunst etc. zu feiern.<\/strong><\/p>\n\n\n<div class=\"wp-block-image\">\n<figure class=\"alignright size-large is-resized\"><img loading=\"lazy\" decoding=\"async\" src=\"https:\/\/familienlebenfriesenhofen.de\/wp-content\/uploads\/2020\/07\/PsG-2020-ein-Banner-1.png\" alt=\"\" class=\"wp-image-338\" width=\"230\" height=\"329\"\/><\/figure>\n<\/div>\n\n\n<p>Es waren einmal ein paar Nachbarn, die trafen sich von\nVorfr\u00fchling bis in den sp\u00e4ten Herbst gerne am Gartenzaun, um sich \u00fcber ihre\nlieben Gartenbewohner auszutauschen. \u00dcber Stauden, Beeren und manches\nUn-Kr\u00e4utlein wurde gefachsimpelt, die Schneckenpopulation verglichen und die\nneuen Bewohner gegenseitig bewundert.<\/p>\n\n\n\n<p>Im Herbst spielte es sich ein, dass so manches Pfl\u00e4nzchen\nvom einen in den anderen Garten zog, denn in dieser wohnlichen Atmosph\u00e4re\ngediehen und vermehrten sich die gr\u00fcnen Gartenbewohner wunderbar.<\/p>\n\n\n\n<p>Da lag der Gedanke nahe \u2013 dieses sch\u00f6ne Tauscherlebnis auch\nmit anderen Gartenfreunden zu teilen. <\/p>\n\n\n\n<p>Welcher Rahmen konnte da passender sein, als eine solche\nVeranstaltung unter dem Mantel des FamilienLebenFriesenhofen e.V. zu\nrealisieren.<\/p>\n\n\n\n<p>Und da wir nicht nur Pflanzen, sondern auch kulinarische\nGen\u00fcsse lieben war klar, dass nat\u00fcrlich f\u00fcr das leibliche Wohl der Besucher\nauch gut gesorgt sein soll.<\/p>\n\n\n\n<p>Rahmenbedingungen der Pflanzentauschb\u00f6rse:<br>Die <strong>3. Friesenhofener Pflanzentauschb\u00f6rse <\/strong>findet <strong>am 23. September <\/strong><br>in der <strong>Rimpacher Stra\u00dfe 26, 88299 Leutkirch-Friesenhofen<\/strong> statt.<br>Getauscht und verkauft werden k\u00f6nnen Pflanzen, Stauden, Str\u00e4ucher S\u00e4mereien und Zwiebeln aller Art sowie Gartendeko, Gartenger\u00e4te, Kunst und Literatur rund um das Thema Pflanzen und Garten. <br>Wenn Ihr nur ein paar Pfl\u00e4nzchen in der Hand mitbringt, d\u00fcrft Ihr nat\u00fcrlich ohne Anmeldung tauschen und verkaufen. M\u00f6chtet Ihr allerdings viel zum Tausch oder zum Verkauf anbieten, so m\u00fcsst Ihr bitte einen Stand anmelden.<br><strong>Anmeldungen f\u00fcr einen Stand<\/strong> bei Pflanze sucht Garten bitte telefonisch bei Familie Mayer unter <strong>07567\/9887372<\/strong>. Gerne darf auf den AB gesprochen werden.<br><br>Bilder von Pflanze sucht Garten 2019 findet Ihr<a href=\"https:\/\/familienlebenfriesenhofen.de\/?page_id=280\"> hier<\/a>.<\/p>\n\n\n\n<p><\/p>\n","protected":false},"excerpt":{"rendered":"<p>Seit 2022 findet die Pflanzentauschb\u00f6rse innerhalb einer Kooperation mit dem NABU statt. Wir haben uns entschieden, den Pflanzentausch nicht unter dem Dach des Vereins FamilienLebenFriesenhofen e.V. zu organisieren und den Erl\u00f6s direkt dem NABU zukommen zu lassen. Wir freuen uns, am 23.September 2023 unser Pflanzenfest rund um Pflanzen, Garten, Kunst etc. zu feiern. Es waren &hellip; <a href=\"https:\/\/familienlebenfriesenhofen.de\/?page_id=264\" class=\"more-link\"><span class=\"screen-reader-text\">Pflanze sucht Garten<\/span> weiterlesen<\/a><\/p>\n","protected":false},"author":1,"featured_media":0,"parent":0,"menu_order":0,"comment_status":"closed","ping_status":"closed","template":"","meta":{"footnotes":""},"class_list":["post-264","page","type-page","status-publish","hentry"],"_links":{"self":[{"href":"https:\/\/familienlebenfriesenhofen.de\/index.php?rest_route=\/wp\/v2\/pages\/264","targetHints":{"allow":["GET"]}}],"collection":[{"href":"https:\/\/familienlebenfriesenhofen.de\/index.php?rest_route=\/wp\/v2\/pages"}],"about":[{"href":"https:\/\/familienlebenfriesenhofen.de\/index.php?rest_route=\/wp\/v2\/types\/page"}],"author":[{"embeddable":true,"href":"https:\/\/familienlebenfriesenhofen.de\/index.php?rest_route=\/wp\/v2\/users\/1"}],"replies":[{"embeddable":true,"href":"https:\/\/familienlebenfriesenhofen.de\/index.php?rest_route=%2Fwp%2Fv2%2Fcomments&post=264"}],"version-history":[{"count":19,"href":"https:\/\/familienlebenfriesenhofen.de\/index.php?rest_route=\/wp\/v2\/pages\/264\/revisions"}],"predecessor-version":[{"id":489,"href":"https:\/\/familienlebenfriesenhofen.de\/index.php?rest_route=\/wp\/v2\/pages\/264\/revisions\/489"}],"wp:attachment":[{"href":"https:\/\/familienlebenfriesenhofen.de\/index.php?rest_route=%2Fwp%2Fv2%2Fmedia&parent=264"}],"curies":[{"name":"wp","href":"https:\/\/api.w.org\/{rel}","templated":true}]}}