{"id":50,"date":"2017-04-04T08:13:07","date_gmt":"2017-04-04T08:13:07","guid":{"rendered":"http:\/\/familienlebenfriesenhofen.de\/?page_id=50"},"modified":"2023-03-15T12:23:49","modified_gmt":"2023-03-15T12:23:49","slug":"mitglied-werden","status":"publish","type":"page","link":"https:\/\/familienlebenfriesenhofen.de\/?page_id=50","title":{"rendered":"Mitglied werden"},"content":{"rendered":"<p>Wenn Du Mitglied bei FamilienLebenFriesenhofen e.V. werden m\u00f6chtest, drucke gerne die beiden Formulare aus und gib die ausgef\u00fcllten Vorlagen an die angegebene Adresse.<\/p>\n<p>Wir freuen uns auf Dich.<\/p>\n<p><a href=\"https:\/\/familienlebenfriesenhofen.de\/wp-content\/uploads\/2023\/03\/Beitrittserklaerung.pdf\">Beitrittserkl\u00e4rung<\/a><\/p>\n<p><a href=\"https:\/\/familienlebenfriesenhofen.de\/wp-content\/uploads\/2023\/03\/SEPA-Lastschrift-Formular-FLF-eV-fuer-den-Mitgliedsbeitrag.pdf\">SEPA-Lastschrift-Formular-FLF-eV f\u00fcr den Mitgliedsbeitrag<\/a><\/p>\n","protected":false},"excerpt":{"rendered":"<p>Wenn Du Mitglied bei FamilienLebenFriesenhofen e.V. werden m\u00f6chtest, drucke gerne die beiden Formulare aus und gib die ausgef\u00fcllten Vorlagen an die angegebene Adresse. Wir freuen uns auf Dich. Beitrittserkl\u00e4rung SEPA-Lastschrift-Formular-FLF-eV f\u00fcr den Mitgliedsbeitrag<\/p>\n","protected":false},"author":1,"featured_media":0,"parent":0,"menu_order":0,"comment_status":"closed","ping_status":"closed","template":"","meta":{"footnotes":""},"class_list":["post-50","page","type-page","status-publish","hentry"],"_links":{"self":[{"href":"https:\/\/familienlebenfriesenhofen.de\/index.php?rest_route=\/wp\/v2\/pages\/50","targetHints":{"allow":["GET"]}}],"collection":[{"href":"https:\/\/familienlebenfriesenhofen.de\/index.php?rest_route=\/wp\/v2\/pages"}],"about":[{"href":"https:\/\/familienlebenfriesenhofen.de\/index.php?rest_route=\/wp\/v2\/types\/page"}],"author":[{"embeddable":true,"href":"https:\/\/familienlebenfriesenhofen.de\/index.php?rest_route=\/wp\/v2\/users\/1"}],"replies":[{"embeddable":true,"href":"https:\/\/familienlebenfriesenhofen.de\/index.php?rest_route=%2Fwp%2Fv2%2Fcomments&post=50"}],"version-history":[{"count":8,"href":"https:\/\/familienlebenfriesenhofen.de\/index.php?rest_route=\/wp\/v2\/pages\/50\/revisions"}],"predecessor-version":[{"id":485,"href":"https:\/\/familienlebenfriesenhofen.de\/index.php?rest_route=\/wp\/v2\/pages\/50\/revisions\/485"}],"wp:attachment":[{"href":"https:\/\/familienlebenfriesenhofen.de\/index.php?rest_route=%2Fwp%2Fv2%2Fmedia&parent=50"}],"curies":[{"name":"wp","href":"https:\/\/api.w.org\/{rel}","templated":true}]}}