{"id":629,"date":"2026-02-22T12:21:23","date_gmt":"2026-02-22T12:21:23","guid":{"rendered":"https:\/\/familienlebenfriesenhofen.de\/?page_id=629"},"modified":"2026-02-22T12:21:23","modified_gmt":"2026-02-22T12:21:23","slug":"funken-2026-mega","status":"publish","type":"page","link":"https:\/\/familienlebenfriesenhofen.de\/?page_id=629","title":{"rendered":"*Funken 2026* mega"},"content":{"rendered":"\n<figure class=\"wp-block-image size-large is-resized\"><img loading=\"lazy\" decoding=\"async\" width=\"460\" height=\"1024\" src=\"https:\/\/familienlebenfriesenhofen.de\/wp-content\/uploads\/2026\/02\/IMG-20260222-WA0000-460x1024.jpg\" alt=\"\" class=\"wp-image-627\" style=\"width:416px;height:auto\" srcset=\"https:\/\/familienlebenfriesenhofen.de\/wp-content\/uploads\/2026\/02\/IMG-20260222-WA0000-460x1024.jpg 460w, https:\/\/familienlebenfriesenhofen.de\/wp-content\/uploads\/2026\/02\/IMG-20260222-WA0000-135x300.jpg 135w, https:\/\/familienlebenfriesenhofen.de\/wp-content\/uploads\/2026\/02\/IMG-20260222-WA0000-689x1536.jpg 689w, https:\/\/familienlebenfriesenhofen.de\/wp-content\/uploads\/2026\/02\/IMG-20260222-WA0000.jpg 718w\" sizes=\"auto, (max-width: 460px) 100vw, 460px\" \/><\/figure>\n\n\n\n<p>Ein riesiges Dankesch\u00f6n an die M\u00e4nnerwerkstatt! <img decoding=\"async\" alt=\"&#x1f528;\" src=\"https:\/\/fonts.gstatic.com\/s\/e\/notoemoji\/17.0\/1f528\/32.png\"><img decoding=\"async\" alt=\"&#x1f525;\" src=\"https:\/\/fonts.gstatic.com\/s\/e\/notoemoji\/17.0\/1f525\/32.png\"><\/p>\n\n\n\n<p>Was ihr die letzten Tage geleistet habt, war einfach Hammer.&nbsp;<\/p>\n\n\n\n<p>Schlammschlacht, Dauerregen und K\u00e4lte \u2013 ihr habt trotzdem voll durchgezogen.&nbsp;<\/p>\n\n\n\n<p>Respekt f\u00fcr diesen Einsatz! <img decoding=\"async\" alt=\"&#x1fae1;\" src=\"https:\/\/fonts.gstatic.com\/s\/e\/notoemoji\/17.0\/1fae1\/32.png\"><\/p>\n\n\n\n<p>&nbsp;*Mud-Run kann jeder, Funken-Aufbau ist f\u00fcr die Harten! <img decoding=\"async\" alt=\"&#x1f609;\" src=\"https:\/\/fonts.gstatic.com\/s\/e\/notoemoji\/17.0\/1f609\/32.png\">*&nbsp;<\/p>\n\n\n\n<p>#Funken2026 #M\u00e4nnerwerkstatt #Danke #Schlammschlacht<\/p>\n\n\n\n<figure class=\"wp-block-image size-full\"><img loading=\"lazy\" decoding=\"async\" width=\"851\" height=\"598\" src=\"https:\/\/familienlebenfriesenhofen.de\/wp-content\/uploads\/2026\/01\/1766865133852.png\" alt=\"\" class=\"wp-image-619\" srcset=\"https:\/\/familienlebenfriesenhofen.de\/wp-content\/uploads\/2026\/01\/1766865133852.png 851w, https:\/\/familienlebenfriesenhofen.de\/wp-content\/uploads\/2026\/01\/1766865133852-300x211.png 300w, https:\/\/familienlebenfriesenhofen.de\/wp-content\/uploads\/2026\/01\/1766865133852-768x540.png 768w\" sizes=\"auto, (max-width: 851px) 100vw, 851px\" \/><\/figure>\n","protected":false},"excerpt":{"rendered":"<p>Ein riesiges Dankesch\u00f6n an die M\u00e4nnerwerkstatt! Was ihr die letzten Tage geleistet habt, war einfach Hammer.&nbsp; Schlammschlacht, Dauerregen und K\u00e4lte \u2013 ihr habt trotzdem voll durchgezogen.&nbsp; Respekt f\u00fcr diesen Einsatz! &nbsp;*Mud-Run kann jeder, Funken-Aufbau ist f\u00fcr die Harten! *&nbsp; #Funken2026 #M\u00e4nnerwerkstatt #Danke #Schlammschlacht<\/p>\n","protected":false},"author":2,"featured_media":0,"parent":0,"menu_order":0,"comment_status":"closed","ping_status":"closed","template":"","meta":{"footnotes":""},"class_list":["post-629","page","type-page","status-publish","hentry"],"_links":{"self":[{"href":"https:\/\/familienlebenfriesenhofen.de\/index.php?rest_route=\/wp\/v2\/pages\/629","targetHints":{"allow":["GET"]}}],"collection":[{"href":"https:\/\/familienlebenfriesenhofen.de\/index.php?rest_route=\/wp\/v2\/pages"}],"about":[{"href":"https:\/\/familienlebenfriesenhofen.de\/index.php?rest_route=\/wp\/v2\/types\/page"}],"author":[{"embeddable":true,"href":"https:\/\/familienlebenfriesenhofen.de\/index.php?rest_route=\/wp\/v2\/users\/2"}],"replies":[{"embeddable":true,"href":"https:\/\/familienlebenfriesenhofen.de\/index.php?rest_route=%2Fwp%2Fv2%2Fcomments&post=629"}],"version-history":[{"count":1,"href":"https:\/\/familienlebenfriesenhofen.de\/index.php?rest_route=\/wp\/v2\/pages\/629\/revisions"}],"predecessor-version":[{"id":630,"href":"https:\/\/familienlebenfriesenhofen.de\/index.php?rest_route=\/wp\/v2\/pages\/629\/revisions\/630"}],"wp:attachment":[{"href":"https:\/\/familienlebenfriesenhofen.de\/index.php?rest_route=%2Fwp%2Fv2%2Fmedia&parent=629"}],"curies":[{"name":"wp","href":"https:\/\/api.w.org\/{rel}","templated":true}]}}